{"id":3578,"date":"2019-10-27T01:48:15","date_gmt":"2019-10-26T22:48:15","guid":{"rendered":"https:\/\/tuncmaksan.com.tr\/?page_id=3578"},"modified":"2022-01-19T02:21:15","modified_gmt":"2022-01-18T23:21:15","slug":"hakkimizda","status":"publish","type":"page","link":"https:\/\/www.tuncmaksan.com.tr\/en\/hakkimizda\/","title":{"rendered":"ABOUT US"},"content":{"rendered":"<p>A success story that began to be written in 1999; It serves the gear industry with its own manufacturing and the products of the international companies it represents, with its experienced staff.<\/p>\n<p>Respecting all kinds of commercial, moral and legal rules in line with our vision and strictly fulfilling these rules; To be a dynamic company that continuously improves its contributions to its customers, employees and all segments with which it is in contact, to adopt Total Quality Management and continuous improvement understanding as a principle, to offer products sought by providing high quality, to deliver our commitments on time and completely, to develop personnel spirit and cooperation, to improve quality. is to respect the environment by spreading it to all activities.<\/p>","protected":false},"excerpt":{"rendered":"<p>1999&#8217;da yaz\u0131lmaya ba\u015flanan bir ba\u015far\u0131 \u00f6yk\u00fcs\u00fc; Kendi imalat\u0131 ve bunun yan\u0131nda temsil etti\u011fi uluslar aras\u0131 firmalar\u0131n \u00fcr\u00fcnlerini deneyimli kadrosuyla Di\u015fli sekt\u00f6r\u00fcne hizmet vermektedir. Vizyonumuz do\u011frultusundaki her t\u00fcrl\u00fc ticari, ahlaki, hukuki kurallara sayg\u0131l\u0131 ve bu kurallar\u0131 harfiyen yerine getiren; m\u00fc\u015fterilerine, \u00e7al\u0131\u015fanlar\u0131na ve ili\u015fki i\u00e7erisinde bulundu\u011fu t\u00fcm kesimlere katk\u0131lar\u0131n\u0131 s\u00fcrekli olarak geli\u015ftiren dinamik bir \u015firket olmak, Toplam&hellip;&nbsp;<a href=\"https:\/\/www.tuncmaksan.com.tr\/en\/hakkimizda\/\" rel=\"bookmark\">Read More &raquo;<span class=\"screen-reader-text\">ABOUT US<\/span><\/a><\/p>","protected":false},"author":1,"featured_media":0,"parent":0,"menu_order":0,"comment_status":"closed","ping_status":"closed","template":"","meta":{"neve_meta_sidebar":"","neve_meta_container":"","neve_meta_enable_content_width":"off","neve_meta_content_width":100,"neve_meta_title_alignment":"","neve_meta_author_avatar":"","neve_post_elements_order":"","neve_meta_disable_header":"","neve_meta_disable_footer":"","neve_meta_disable_title":"","footnotes":""},"class_list":["post-3578","page","type-page","status-publish","hentry"],"_links":{"self":[{"href":"https:\/\/www.tuncmaksan.com.tr\/en\/wp-json\/wp\/v2\/pages\/3578","targetHints":{"allow":["GET"]}}],"collection":[{"href":"https:\/\/www.tuncmaksan.com.tr\/en\/wp-json\/wp\/v2\/pages"}],"about":[{"href":"https:\/\/www.tuncmaksan.com.tr\/en\/wp-json\/wp\/v2\/types\/page"}],"author":[{"embeddable":true,"href":"https:\/\/www.tuncmaksan.com.tr\/en\/wp-json\/wp\/v2\/users\/1"}],"replies":[{"embeddable":true,"href":"https:\/\/www.tuncmaksan.com.tr\/en\/wp-json\/wp\/v2\/comments?post=3578"}],"version-history":[{"count":4,"href":"https:\/\/www.tuncmaksan.com.tr\/en\/wp-json\/wp\/v2\/pages\/3578\/revisions"}],"predecessor-version":[{"id":4084,"href":"https:\/\/www.tuncmaksan.com.tr\/en\/wp-json\/wp\/v2\/pages\/3578\/revisions\/4084"}],"wp:attachment":[{"href":"https:\/\/www.tuncmaksan.com.tr\/en\/wp-json\/wp\/v2\/media?parent=3578"}],"curies":[{"name":"wp","href":"https:\/\/api.w.org\/{rel}","templated":true}]}}